{"id":710,"date":"2017-07-03T09:37:17","date_gmt":"2017-07-03T07:37:17","guid":{"rendered":"http:\/\/clementlazuech.com\/?page_id=710"},"modified":"2018-08-03T10:44:16","modified_gmt":"2018-08-03T08:44:16","slug":"leclerc-rouffiac-recette-cuisine-clement-lazuech","status":"publish","type":"page","link":"https:\/\/clementlazuech.com\/index.php\/leclerc-rouffiac-recette-cuisine-clement-lazuech\/","title":{"rendered":"Mes recettes avec les produits de chez Leclerc"},"content":{"rendered":"<p>Chaque semaine, j&rsquo;aime concocter de nouveaux plats\u00a0en fonction des saisonnalit\u00e9s. J&rsquo;ach\u00e8te r\u00e9guli\u00e8rement mes produits frais au centre commercial Leclerc.<\/p>\n<p>Voici donc des photos de mes assiettes cuisin\u00e9es. Peut \u00eatre vous donnerais-je des id\u00e9es pour vos prochains repas en famille ou entre amis.<\/p>\n\t\r\n    <style>\r\n    #slgf_709 .b-link-stroke .b-top-line{\r\n        background: rgba(10, 194, 210, 0.5);\r\n    }\r\n    #slgf_709 .b-link-stroke .b-bottom-line{\r\n        background: rgba(10, 194, 210, 0.5);\r\n    }\r\n\r\n    #slgf_709 .b-wrapper{\r\n        font-family:Arial; \/\/ real name pass here\r\n    }\r\n\t@media (min-width: 992px){\r\n\t\t#slgf_709 .col-md-6 {\r\n\t\t\twidth: 49.97% !important;\r\n\t\t}\r\n\t\t#slgf_709 .col-md-4 {\r\n\t\t\twidth: 33.30% !important;\r\n\t\t}\r\n\t\t#slgf_709 .col-md-3 {\r\n\t\t\twidth: 24.90% !important;\r\n\t\t}\r\n\t\t#slgf_709 .col-md-2 {\r\n\t\t\twidth: 16.60% !important;\r\n\t\t}\r\n\t}\r\n\t#slgf_709 .slgf_home_portfolio_caption{\r\n\t\tbackground:#FFFFFF;\r\n\t}\r\n\t#slgf_709 .slgf_home_portfolio_caption h3{\r\n\t\tcolor:#000000;\r\n\t}\r\n\t\t#slgf_709 .slgf_home_portfolio_caption {\r\n\t\t\tborder-bottom: none !important;\r\n\t\t}\r\n\t\t\r\n\t    <\/style>\r\n\r\n    \r\n    <div  class=\"gal-container\" id=\"slgf_709\">\r\n\t\t\t\t\t<!--get the post id-->\r\n\t\t\t\r\n\t\t\t\t<!--Gallery Title-->\r\n\t\t\t\t\t\t\t\t\r\n\t\t\t\t<div class=\"gallery1\">\r\n\t\t\t\t\t\t\t\t\t\t\t<div class=\"col-md-6 col-sm-6 wl-gallery\" >\r\n\t\t\t\t\t\t\t<div class=\"img-box-shadow\">\r\n\t\t\t\t\t\t\t\t\r\n\t\t\t\t\t\t\t\t\t\t\t\t\t\t\t\t<a title=\"\" class=\"swipebox_709\"  href=\"http:\/\/clementlazuech.com\/wp-content\/uploads\/2018\/01\/recette-cl\u00e9ment-lazuech-4.jpg\">\r\n\t\t\t\t\t\t\t\t\t<div class=\"b-link-stroke b-animate-go\">\r\n\t\t\t\t\t\t\t\t\t\t<img src=\"http:\/\/clementlazuech.com\/wp-content\/uploads\/2018\/01\/recette-cl\u00e9ment-lazuech-4-500x500.jpg\" class=\"gall-img-responsive\" alt=\"recette cl\u00e9ment lazuech\">\r\n\t\t\t\t\t\t\t\t\t<\/div>\r\n\t\t\t\t\t\t\t\t<\/a>\r\n\r\n\t\t\t\t\t\t\t\t<!--Gallery Label-->\r\n\t\t\t\t\t\t\t\t\t\t\t\t\t\t\t<\/div>\r\n\t\t\t\t\t\t<\/div>\r\n\t\t\t\t\t\t\t\t\t\t\t\t<div class=\"col-md-6 col-sm-6 wl-gallery\" >\r\n\t\t\t\t\t\t\t<div class=\"img-box-shadow\">\r\n\t\t\t\t\t\t\t\t\r\n\t\t\t\t\t\t\t\t\t\t\t\t\t\t\t\t<a title=\"\" class=\"swipebox_709\"  href=\"http:\/\/clementlazuech.com\/wp-content\/uploads\/2018\/01\/recette-cl\u00e9ment-lazuech-6.jpg\">\r\n\t\t\t\t\t\t\t\t\t<div class=\"b-link-stroke b-animate-go\">\r\n\t\t\t\t\t\t\t\t\t\t<img src=\"http:\/\/clementlazuech.com\/wp-content\/uploads\/2018\/01\/recette-cl\u00e9ment-lazuech-6-500x500.jpg\" class=\"gall-img-responsive\" alt=\"recette cl\u00e9ment lazuech\">\r\n\t\t\t\t\t\t\t\t\t<\/div>\r\n\t\t\t\t\t\t\t\t<\/a>\r\n\r\n\t\t\t\t\t\t\t\t<!--Gallery Label-->\r\n\t\t\t\t\t\t\t\t\t\t\t\t\t\t\t<\/div>\r\n\t\t\t\t\t\t<\/div>\r\n\t\t\t\t\t\t\t\t\t\t\t\t<div class=\"col-md-6 col-sm-6 wl-gallery\" >\r\n\t\t\t\t\t\t\t<div class=\"img-box-shadow\">\r\n\t\t\t\t\t\t\t\t\r\n\t\t\t\t\t\t\t\t\t\t\t\t\t\t\t\t<a title=\"\" class=\"swipebox_709\"  href=\"http:\/\/clementlazuech.com\/wp-content\/uploads\/2018\/01\/recette-juran\u00e7on-vin.jpg\">\r\n\t\t\t\t\t\t\t\t\t<div class=\"b-link-stroke b-animate-go\">\r\n\t\t\t\t\t\t\t\t\t\t<img src=\"http:\/\/clementlazuech.com\/wp-content\/uploads\/2018\/01\/recette-juran\u00e7on-vin-500x500.jpg\" class=\"gall-img-responsive\" alt=\"recette juran\u00e7on vin\">\r\n\t\t\t\t\t\t\t\t\t<\/div>\r\n\t\t\t\t\t\t\t\t<\/a>\r\n\r\n\t\t\t\t\t\t\t\t<!--Gallery Label-->\r\n\t\t\t\t\t\t\t\t\t\t\t\t\t\t\t<\/div>\r\n\t\t\t\t\t\t<\/div>\r\n\t\t\t\t\t\t\t\t\t\t\t\t<div class=\"col-md-6 col-sm-6 wl-gallery\" >\r\n\t\t\t\t\t\t\t<div class=\"img-box-shadow\">\r\n\t\t\t\t\t\t\t\t\r\n\t\t\t\t\t\t\t\t\t\t\t\t\t\t\t\t<a title=\"\" class=\"swipebox_709\"  href=\"http:\/\/clementlazuech.com\/wp-content\/uploads\/2018\/01\/recette-cl\u00e9ment-lazuech-8.jpg\">\r\n\t\t\t\t\t\t\t\t\t<div class=\"b-link-stroke b-animate-go\">\r\n\t\t\t\t\t\t\t\t\t\t<img src=\"http:\/\/clementlazuech.com\/wp-content\/uploads\/2018\/01\/recette-cl\u00e9ment-lazuech-8-500x500.jpg\" class=\"gall-img-responsive\" alt=\"recette cl\u00e9ment lazuech\">\r\n\t\t\t\t\t\t\t\t\t<\/div>\r\n\t\t\t\t\t\t\t\t<\/a>\r\n\r\n\t\t\t\t\t\t\t\t<!--Gallery Label-->\r\n\t\t\t\t\t\t\t\t\t\t\t\t\t\t\t<\/div>\r\n\t\t\t\t\t\t<\/div>\r\n\t\t\t\t\t\t\t\t\t\t\t\t<div class=\"col-md-6 col-sm-6 wl-gallery\" >\r\n\t\t\t\t\t\t\t<div class=\"img-box-shadow\">\r\n\t\t\t\t\t\t\t\t\r\n\t\t\t\t\t\t\t\t\t\t\t\t\t\t\t\t<a title=\"\" class=\"swipebox_709\"  href=\"http:\/\/clementlazuech.com\/wp-content\/uploads\/2018\/01\/recette-cl\u00e9ment-lazuech-5.jpg\">\r\n\t\t\t\t\t\t\t\t\t<div class=\"b-link-stroke b-animate-go\">\r\n\t\t\t\t\t\t\t\t\t\t<img src=\"http:\/\/clementlazuech.com\/wp-content\/uploads\/2018\/01\/recette-cl\u00e9ment-lazuech-5-500x500.jpg\" class=\"gall-img-responsive\" alt=\"recette cl\u00e9ment lazuech\">\r\n\t\t\t\t\t\t\t\t\t<\/div>\r\n\t\t\t\t\t\t\t\t<\/a>\r\n\r\n\t\t\t\t\t\t\t\t<!--Gallery Label-->\r\n\t\t\t\t\t\t\t\t\t\t\t\t\t\t\t<\/div>\r\n\t\t\t\t\t\t<\/div>\r\n\t\t\t\t\t\t\t\t\t\t\t\t<div class=\"col-md-6 col-sm-6 wl-gallery\" >\r\n\t\t\t\t\t\t\t<div class=\"img-box-shadow\">\r\n\t\t\t\t\t\t\t\t\r\n\t\t\t\t\t\t\t\t\t\t\t\t\t\t\t\t<a title=\"\" class=\"swipebox_709\"  href=\"http:\/\/clementlazuech.com\/wp-content\/uploads\/2018\/01\/recette-cl\u00e9ment-lazuech-10.jpg\">\r\n\t\t\t\t\t\t\t\t\t<div class=\"b-link-stroke b-animate-go\">\r\n\t\t\t\t\t\t\t\t\t\t<img src=\"http:\/\/clementlazuech.com\/wp-content\/uploads\/2018\/01\/recette-cl\u00e9ment-lazuech-10-500x500.jpg\" class=\"gall-img-responsive\" alt=\"recette cl\u00e9ment lazuech\">\r\n\t\t\t\t\t\t\t\t\t<\/div>\r\n\t\t\t\t\t\t\t\t<\/a>\r\n\r\n\t\t\t\t\t\t\t\t<!--Gallery Label-->\r\n\t\t\t\t\t\t\t\t\t\t\t\t\t\t\t<\/div>\r\n\t\t\t\t\t\t<\/div>\r\n\t\t\t\t\t\t\t\t\t\t\t\t<div class=\"col-md-6 col-sm-6 wl-gallery\" >\r\n\t\t\t\t\t\t\t<div class=\"img-box-shadow\">\r\n\t\t\t\t\t\t\t\t\r\n\t\t\t\t\t\t\t\t\t\t\t\t\t\t\t\t<a title=\"\" class=\"swipebox_709\"  href=\"http:\/\/clementlazuech.com\/wp-content\/uploads\/2018\/01\/recette-clement-lazuech.jpg\">\r\n\t\t\t\t\t\t\t\t\t<div class=\"b-link-stroke b-animate-go\">\r\n\t\t\t\t\t\t\t\t\t\t<img src=\"http:\/\/clementlazuech.com\/wp-content\/uploads\/2018\/01\/recette-clement-lazuech-500x500.jpg\" class=\"gall-img-responsive\" alt=\"recette clement lazuech\">\r\n\t\t\t\t\t\t\t\t\t<\/div>\r\n\t\t\t\t\t\t\t\t<\/a>\r\n\r\n\t\t\t\t\t\t\t\t<!--Gallery Label-->\r\n\t\t\t\t\t\t\t\t\t\t\t\t\t\t\t<\/div>\r\n\t\t\t\t\t\t<\/div>\r\n\t\t\t\t\t\t\t\t\t\t\t\t<div class=\"col-md-6 col-sm-6 wl-gallery\" >\r\n\t\t\t\t\t\t\t<div class=\"img-box-shadow\">\r\n\t\t\t\t\t\t\t\t\r\n\t\t\t\t\t\t\t\t\t\t\t\t\t\t\t\t<a title=\"\" class=\"swipebox_709\"  href=\"http:\/\/clementlazuech.com\/wp-content\/uploads\/2018\/01\/recette-cl\u00e9ment-lazuech-9.jpg\">\r\n\t\t\t\t\t\t\t\t\t<div class=\"b-link-stroke b-animate-go\">\r\n\t\t\t\t\t\t\t\t\t\t<img src=\"http:\/\/clementlazuech.com\/wp-content\/uploads\/2018\/01\/recette-cl\u00e9ment-lazuech-9-500x500.jpg\" class=\"gall-img-responsive\" alt=\"recette cl\u00e9ment lazuech\">\r\n\t\t\t\t\t\t\t\t\t<\/div>\r\n\t\t\t\t\t\t\t\t<\/a>\r\n\r\n\t\t\t\t\t\t\t\t<!--Gallery Label-->\r\n\t\t\t\t\t\t\t\t\t\t\t\t\t\t\t<\/div>\r\n\t\t\t\t\t\t<\/div>\r\n\t\t\t\t\t\t\t\t\t\t\t\t<div class=\"col-md-6 col-sm-6 wl-gallery\" >\r\n\t\t\t\t\t\t\t<div class=\"img-box-shadow\">\r\n\t\t\t\t\t\t\t\t\r\n\t\t\t\t\t\t\t\t\t\t\t\t\t\t\t\t<a title=\"\" class=\"swipebox_709\"  href=\"http:\/\/clementlazuech.com\/wp-content\/uploads\/2018\/01\/recette-cl\u00e9ment-lazuech-2.jpg\">\r\n\t\t\t\t\t\t\t\t\t<div class=\"b-link-stroke b-animate-go\">\r\n\t\t\t\t\t\t\t\t\t\t<img src=\"http:\/\/clementlazuech.com\/wp-content\/uploads\/2018\/01\/recette-cl\u00e9ment-lazuech-2-500x500.jpg\" class=\"gall-img-responsive\" alt=\"recette cl\u00e9ment lazuech\">\r\n\t\t\t\t\t\t\t\t\t<\/div>\r\n\t\t\t\t\t\t\t\t<\/a>\r\n\r\n\t\t\t\t\t\t\t\t<!--Gallery Label-->\r\n\t\t\t\t\t\t\t\t\t\t\t\t\t\t\t<\/div>\r\n\t\t\t\t\t\t<\/div>\r\n\t\t\t\t\t\t\t\t\t\t\t\t<div class=\"col-md-6 col-sm-6 wl-gallery\" >\r\n\t\t\t\t\t\t\t<div class=\"img-box-shadow\">\r\n\t\t\t\t\t\t\t\t\r\n\t\t\t\t\t\t\t\t\t\t\t\t\t\t\t\t<a title=\"\" class=\"swipebox_709\"  href=\"http:\/\/clementlazuech.com\/wp-content\/uploads\/2018\/01\/recette-cl\u00e9ment-lazuech-7.jpg\">\r\n\t\t\t\t\t\t\t\t\t<div class=\"b-link-stroke b-animate-go\">\r\n\t\t\t\t\t\t\t\t\t\t<img src=\"http:\/\/clementlazuech.com\/wp-content\/uploads\/2018\/01\/recette-cl\u00e9ment-lazuech-7-500x500.jpg\" class=\"gall-img-responsive\" alt=\"recette cl\u00e9ment lazuech\">\r\n\t\t\t\t\t\t\t\t\t<\/div>\r\n\t\t\t\t\t\t\t\t<\/a>\r\n\r\n\t\t\t\t\t\t\t\t<!--Gallery Label-->\r\n\t\t\t\t\t\t\t\t\t\t\t\t\t\t\t<\/div>\r\n\t\t\t\t\t\t<\/div>\r\n\t\t\t\t\t\t\t\t\t\t\t\t<div class=\"col-md-6 col-sm-6 wl-gallery\" >\r\n\t\t\t\t\t\t\t<div class=\"img-box-shadow\">\r\n\t\t\t\t\t\t\t\t\r\n\t\t\t\t\t\t\t\t\t\t\t\t\t\t\t\t<a title=\"\" class=\"swipebox_709\"  href=\"http:\/\/clementlazuech.com\/wp-content\/uploads\/2018\/01\/recette-clement-lazuech-2.jpg\">\r\n\t\t\t\t\t\t\t\t\t<div class=\"b-link-stroke b-animate-go\">\r\n\t\t\t\t\t\t\t\t\t\t<img src=\"http:\/\/clementlazuech.com\/wp-content\/uploads\/2018\/01\/recette-clement-lazuech-2-500x500.jpg\" class=\"gall-img-responsive\" alt=\"recette cl\u00e9ment lazuech\">\r\n\t\t\t\t\t\t\t\t\t<\/div>\r\n\t\t\t\t\t\t\t\t<\/a>\r\n\r\n\t\t\t\t\t\t\t\t<!--Gallery Label-->\r\n\t\t\t\t\t\t\t\t\t\t\t\t\t\t\t<\/div>\r\n\t\t\t\t\t\t<\/div>\r\n\t\t\t\t\t\t\t\t\t\t\t\t<div class=\"col-md-6 col-sm-6 wl-gallery\" >\r\n\t\t\t\t\t\t\t<div class=\"img-box-shadow\">\r\n\t\t\t\t\t\t\t\t\r\n\t\t\t\t\t\t\t\t\t\t\t\t\t\t\t\t<a title=\"\" class=\"swipebox_709\"  href=\"http:\/\/clementlazuech.com\/wp-content\/uploads\/2018\/01\/recette-cl\u00e9ment-lazuech.jpg\">\r\n\t\t\t\t\t\t\t\t\t<div class=\"b-link-stroke b-animate-go\">\r\n\t\t\t\t\t\t\t\t\t\t<img src=\"http:\/\/clementlazuech.com\/wp-content\/uploads\/2018\/01\/recette-cl\u00e9ment-lazuech-500x500.jpg\" class=\"gall-img-responsive\" alt=\"recette clement lazuech\">\r\n\t\t\t\t\t\t\t\t\t<\/div>\r\n\t\t\t\t\t\t\t\t<\/a>\r\n\r\n\t\t\t\t\t\t\t\t<!--Gallery Label-->\r\n\t\t\t\t\t\t\t\t\t\t\t\t\t\t\t<\/div>\r\n\t\t\t\t\t\t<\/div>\r\n\t\t\t\t\t\t\t\t\t\t\t\t<div class=\"col-md-6 col-sm-6 wl-gallery\" >\r\n\t\t\t\t\t\t\t<div class=\"img-box-shadow\">\r\n\t\t\t\t\t\t\t\t\r\n\t\t\t\t\t\t\t\t\t\t\t\t\t\t\t\t<a title=\"\" class=\"swipebox_709\"  href=\"http:\/\/clementlazuech.com\/wp-content\/uploads\/2018\/01\/recette-cl\u00e9ment-lazuech-1.jpg\">\r\n\t\t\t\t\t\t\t\t\t<div class=\"b-link-stroke b-animate-go\">\r\n\t\t\t\t\t\t\t\t\t\t<img src=\"http:\/\/clementlazuech.com\/wp-content\/uploads\/2018\/01\/recette-cl\u00e9ment-lazuech-1-500x500.jpg\" class=\"gall-img-responsive\" alt=\"recette cl\u00e9ment lazuech\">\r\n\t\t\t\t\t\t\t\t\t<\/div>\r\n\t\t\t\t\t\t\t\t<\/a>\r\n\r\n\t\t\t\t\t\t\t\t<!--Gallery Label-->\r\n\t\t\t\t\t\t\t\t\t\t\t\t\t\t\t<\/div>\r\n\t\t\t\t\t\t<\/div>\r\n\t\t\t\t\t\t\t\t\t\t\t\t<div class=\"col-md-6 col-sm-6 wl-gallery\" >\r\n\t\t\t\t\t\t\t<div class=\"img-box-shadow\">\r\n\t\t\t\t\t\t\t\t\r\n\t\t\t\t\t\t\t\t\t\t\t\t\t\t\t\t<a title=\"\" class=\"swipebox_709\"  href=\"http:\/\/clementlazuech.com\/wp-content\/uploads\/2018\/01\/recette-cl\u00e9ment-lazuech-11.jpg\">\r\n\t\t\t\t\t\t\t\t\t<div class=\"b-link-stroke b-animate-go\">\r\n\t\t\t\t\t\t\t\t\t\t<img src=\"http:\/\/clementlazuech.com\/wp-content\/uploads\/2018\/01\/recette-cl\u00e9ment-lazuech-11-500x500.jpg\" class=\"gall-img-responsive\" alt=\"recette cl\u00e9ment lazuech\">\r\n\t\t\t\t\t\t\t\t\t<\/div>\r\n\t\t\t\t\t\t\t\t<\/a>\r\n\r\n\t\t\t\t\t\t\t\t<!--Gallery Label-->\r\n\t\t\t\t\t\t\t\t\t\t\t\t\t\t\t<\/div>\r\n\t\t\t\t\t\t<\/div>\r\n\t\t\t\t\t\t\t\t\t\t\t\t<div class=\"col-md-6 col-sm-6 wl-gallery\" >\r\n\t\t\t\t\t\t\t<div class=\"img-box-shadow\">\r\n\t\t\t\t\t\t\t\t\r\n\t\t\t\t\t\t\t\t\t\t\t\t\t\t\t\t<a title=\"\" class=\"swipebox_709\"  href=\"http:\/\/clementlazuech.com\/wp-content\/uploads\/2018\/01\/recette-cl\u00e9ment-lazuech-3.jpg\">\r\n\t\t\t\t\t\t\t\t\t<div class=\"b-link-stroke b-animate-go\">\r\n\t\t\t\t\t\t\t\t\t\t<img src=\"http:\/\/clementlazuech.com\/wp-content\/uploads\/2018\/01\/recette-cl\u00e9ment-lazuech-3-500x500.jpg\" class=\"gall-img-responsive\" alt=\"recette cl\u00e9ment lazuech\">\r\n\t\t\t\t\t\t\t\t\t<\/div>\r\n\t\t\t\t\t\t\t\t<\/a>\r\n\r\n\t\t\t\t\t\t\t\t<!--Gallery Label-->\r\n\t\t\t\t\t\t\t\t\t\t\t\t\t\t\t<\/div>\r\n\t\t\t\t\t\t<\/div>\r\n\t\t\t\t\t\t\t\t\t\t\t\t<div class=\"col-md-6 col-sm-6 wl-gallery\" >\r\n\t\t\t\t\t\t\t<div class=\"img-box-shadow\">\r\n\t\t\t\t\t\t\t\t\r\n\t\t\t\t\t\t\t\t\t\t\t\t\t\t\t\t<a title=\"\" class=\"swipebox_709\"  href=\"http:\/\/clementlazuech.com\/wp-content\/uploads\/2018\/01\/recette-salade.jpg\">\r\n\t\t\t\t\t\t\t\t\t<div class=\"b-link-stroke b-animate-go\">\r\n\t\t\t\t\t\t\t\t\t\t<img src=\"http:\/\/clementlazuech.com\/wp-content\/uploads\/2018\/01\/recette-salade-500x500.jpg\" class=\"gall-img-responsive\" alt=\"recette salade\">\r\n\t\t\t\t\t\t\t\t\t<\/div>\r\n\t\t\t\t\t\t\t\t<\/a>\r\n\r\n\t\t\t\t\t\t\t\t<!--Gallery Label-->\r\n\t\t\t\t\t\t\t\t\t\t\t\t\t\t\t<\/div>\r\n\t\t\t\t\t\t<\/div>\r\n\t\t\t\t\t\t\t\t\t\t\t\t<div class=\"col-md-6 col-sm-6 wl-gallery\" >\r\n\t\t\t\t\t\t\t<div class=\"img-box-shadow\">\r\n\t\t\t\t\t\t\t\t\r\n\t\t\t\t\t\t\t\t\t\t\t\t\t\t\t\t<a title=\"\" class=\"swipebox_709\"  href=\"http:\/\/clementlazuech.com\/wp-content\/uploads\/2018\/01\/recette-calamar.jpg\">\r\n\t\t\t\t\t\t\t\t\t<div class=\"b-link-stroke b-animate-go\">\r\n\t\t\t\t\t\t\t\t\t\t<img src=\"http:\/\/clementlazuech.com\/wp-content\/uploads\/2018\/01\/recette-calamar-500x500.jpg\" class=\"gall-img-responsive\" alt=\"recette calamar\">\r\n\t\t\t\t\t\t\t\t\t<\/div>\r\n\t\t\t\t\t\t\t\t<\/a>\r\n\r\n\t\t\t\t\t\t\t\t<!--Gallery Label-->\r\n\t\t\t\t\t\t\t\t\t\t\t\t\t\t\t<\/div>\r\n\t\t\t\t\t\t<\/div>\r\n\t\t\t\t\t\t\t\t\t\t\t\t<div class=\"col-md-6 col-sm-6 wl-gallery\" >\r\n\t\t\t\t\t\t\t<div class=\"img-box-shadow\">\r\n\t\t\t\t\t\t\t\t\r\n\t\t\t\t\t\t\t\t\t\t\t\t\t\t\t\t<a title=\"\" class=\"swipebox_709\"  href=\"http:\/\/clementlazuech.com\/wp-content\/uploads\/2018\/01\/recette-asiatique.jpg\">\r\n\t\t\t\t\t\t\t\t\t<div class=\"b-link-stroke b-animate-go\">\r\n\t\t\t\t\t\t\t\t\t\t<img src=\"http:\/\/clementlazuech.com\/wp-content\/uploads\/2018\/01\/recette-asiatique-500x500.jpg\" class=\"gall-img-responsive\" alt=\"recette asiatique\">\r\n\t\t\t\t\t\t\t\t\t<\/div>\r\n\t\t\t\t\t\t\t\t<\/a>\r\n\r\n\t\t\t\t\t\t\t\t<!--Gallery Label-->\r\n\t\t\t\t\t\t\t\t\t\t\t\t\t\t\t<\/div>\r\n\t\t\t\t\t\t<\/div>\r\n\t\t\t\t\t\t\t\t\t\t\t\t<div class=\"col-md-6 col-sm-6 wl-gallery\" >\r\n\t\t\t\t\t\t\t<div class=\"img-box-shadow\">\r\n\t\t\t\t\t\t\t\t\r\n\t\t\t\t\t\t\t\t\t\t\t\t\t\t\t\t<a title=\"\" class=\"swipebox_709\"  href=\"http:\/\/clementlazuech.com\/wp-content\/uploads\/2018\/01\/recette-paella.jpg\">\r\n\t\t\t\t\t\t\t\t\t<div class=\"b-link-stroke b-animate-go\">\r\n\t\t\t\t\t\t\t\t\t\t<img src=\"http:\/\/clementlazuech.com\/wp-content\/uploads\/2018\/01\/recette-paella-500x500.jpg\" class=\"gall-img-responsive\" alt=\"recette paella\">\r\n\t\t\t\t\t\t\t\t\t<\/div>\r\n\t\t\t\t\t\t\t\t<\/a>\r\n\r\n\t\t\t\t\t\t\t\t<!--Gallery Label-->\r\n\t\t\t\t\t\t\t\t\t\t\t\t\t\t\t<\/div>\r\n\t\t\t\t\t\t<\/div>\r\n\t\t\t\t\t\t\t\t\t\t\t\t<div class=\"col-md-6 col-sm-6 wl-gallery\" >\r\n\t\t\t\t\t\t\t<div class=\"img-box-shadow\">\r\n\t\t\t\t\t\t\t\t\r\n\t\t\t\t\t\t\t\t\t\t\t\t\t\t\t\t<a title=\"\" class=\"swipebox_709\"  href=\"http:\/\/clementlazuech.com\/wp-content\/uploads\/2018\/01\/recette-burger.jpg\">\r\n\t\t\t\t\t\t\t\t\t<div class=\"b-link-stroke b-animate-go\">\r\n\t\t\t\t\t\t\t\t\t\t<img src=\"http:\/\/clementlazuech.com\/wp-content\/uploads\/2018\/01\/recette-burger-500x500.jpg\" class=\"gall-img-responsive\" alt=\"recette burger leclerc\">\r\n\t\t\t\t\t\t\t\t\t<\/div>\r\n\t\t\t\t\t\t\t\t<\/a>\r\n\r\n\t\t\t\t\t\t\t\t<!--Gallery Label-->\r\n\t\t\t\t\t\t\t\t\t\t\t\t\t\t\t<\/div>\r\n\t\t\t\t\t\t<\/div>\r\n\t\t\t\t\t\t\t\t\t\t\t\t<div class=\"col-md-6 col-sm-6 wl-gallery\" >\r\n\t\t\t\t\t\t\t<div class=\"img-box-shadow\">\r\n\t\t\t\t\t\t\t\t\r\n\t\t\t\t\t\t\t\t\t\t\t\t\t\t\t\t<a title=\"\" class=\"swipebox_709\"  href=\"http:\/\/clementlazuech.com\/wp-content\/uploads\/2018\/01\/recette-saumon.jpg\">\r\n\t\t\t\t\t\t\t\t\t<div class=\"b-link-stroke b-animate-go\">\r\n\t\t\t\t\t\t\t\t\t\t<img src=\"http:\/\/clementlazuech.com\/wp-content\/uploads\/2018\/01\/recette-saumon-500x500.jpg\" class=\"gall-img-responsive\" alt=\"recette saumon leclerc\">\r\n\t\t\t\t\t\t\t\t\t<\/div>\r\n\t\t\t\t\t\t\t\t<\/a>\r\n\r\n\t\t\t\t\t\t\t\t<!--Gallery Label-->\r\n\t\t\t\t\t\t\t\t\t\t\t\t\t\t\t<\/div>\r\n\t\t\t\t\t\t<\/div>\r\n\t\t\t\t\t\t\t\t\t\t<\/div>\r\n\t\t    <\/div>\r\n\r\n\t<!-- Swipe Box-->\r\n\t<script type=\"text\/javascript\">\r\n\tjQuery(document).ready(function(){\r\n\t\t;( function( jQuery ) {\r\n\t\t\tjQuery( '.swipebox_709' ).swipebox({\r\n\t\t\t\t\t\t\thideBarsDelay:0,\r\n\t\t\t\t\t\t\thideBarsOnMobile: false,\r\n\t\t\t\t\t\t\thideCloseButtonOnMobile : false, \/\/ true will hide the close button on mobile devices\r\n\t\t\t\t\t\t\tloopAtEnd: true, \/\/ true will return to the first image after the last image is reached\r\n\t\t\t\t\t\t\t\r\n\t\t\t\t\t\t});\r\n\t\t})( jQuery );\r\n\t\r\n\r\n\tjQuery('.gallery1').imagesLoaded( function(){\r\n\t  jQuery('.gallery1').masonry({\r\n\t   itemSelector: '.wl-gallery',\r\n\t   isAnimated: true,\r\n\t   isFitWidth: true\r\n\t  });\r\n\t});\r\n\t});\r\n\t<\/script>\r\n\t\r\n        \n","protected":false},"excerpt":{"rendered":"<p>Chaque semaine, j&rsquo;aime concocter de nouveaux plats\u00a0en fonction des saisonnalit\u00e9s. J&rsquo;ach\u00e8te r\u00e9guli\u00e8rement mes produits frais au centre commercial Leclerc. Voici donc des photos de mes assiettes cuisin\u00e9es. Peut \u00eatre vous donnerais-je des id\u00e9es pour vos prochains repas en famille ou entre amis.<\/p>\n","protected":false},"author":1,"featured_media":713,"parent":0,"menu_order":0,"comment_status":"closed","ping_status":"closed","template":"","meta":[],"_links":{"self":[{"href":"https:\/\/clementlazuech.com\/index.php\/wp-json\/wp\/v2\/pages\/710"}],"collection":[{"href":"https:\/\/clementlazuech.com\/index.php\/wp-json\/wp\/v2\/pages"}],"about":[{"href":"https:\/\/clementlazuech.com\/index.php\/wp-json\/wp\/v2\/types\/page"}],"author":[{"embeddable":true,"href":"https:\/\/clementlazuech.com\/index.php\/wp-json\/wp\/v2\/users\/1"}],"replies":[{"embeddable":true,"href":"https:\/\/clementlazuech.com\/index.php\/wp-json\/wp\/v2\/comments?post=710"}],"version-history":[{"count":9,"href":"https:\/\/clementlazuech.com\/index.php\/wp-json\/wp\/v2\/pages\/710\/revisions"}],"predecessor-version":[{"id":1330,"href":"https:\/\/clementlazuech.com\/index.php\/wp-json\/wp\/v2\/pages\/710\/revisions\/1330"}],"wp:featuredmedia":[{"embeddable":true,"href":"https:\/\/clementlazuech.com\/index.php\/wp-json\/wp\/v2\/media\/713"}],"wp:attachment":[{"href":"https:\/\/clementlazuech.com\/index.php\/wp-json\/wp\/v2\/media?parent=710"}],"curies":[{"name":"wp","href":"https:\/\/api.w.org\/{rel}","templated":true}]}}