{"id":673,"date":"2017-06-30T19:22:42","date_gmt":"2017-06-30T17:22:42","guid":{"rendered":"http:\/\/clementlazuech.com\/?page_id=673"},"modified":"2018-01-29T10:41:52","modified_gmt":"2018-01-29T09:41:52","slug":"toyota-chr-voiture-albi-castres-maurelauto","status":"publish","type":"page","link":"https:\/\/clementlazuech.com\/index.php\/toyota-chr-voiture-albi-castres-maurelauto\/","title":{"rendered":"Apr\u00e8s les essais \u00e0 Madrid, j&rsquo;ai achet\u00e9 mon Toyota C-HR \u00e0 Albi !"},"content":{"rendered":"<p>Jusqu\u2019\u00e0 pr\u00e9sent, c\u00f4t\u00e9 voitures hybrides, seules les luxueuses Lexus impressionnaient, notamment gr\u00e2ce \u00e0 leur esth\u00e9tique. Mais au dernier Mondial de l\u2019auto, Toyota a pr\u00e9sent\u00e9 son C-HR (coup\u00e9 high rider).<\/p>\n<p>Il y a quelques mois, j&rsquo;ai \u00e9t\u00e9 invit\u00e9\u00a0en Espagne\u00a0par la marque TOYOTA pour essayer ce nouveau crossover (dont le moteur thermique est celui de la Toyota Prius) sur les routes montagneuses de la r\u00e9gion de Madrid.<\/p>\n<h1>Le style :<\/h1>\n<p>A la fois anguleux, d\u00e9coup\u00e9 et ovo\u00efde, le C-HR a des lignes dynamiques. Les poign\u00e9es des portes arri\u00e8re sont quasi invisibles. Seul\u00a0petit b\u00e9mol si je veux faire le pointilleux &#8230;,\u00a0elles sont plac\u00e9es trop haut pour que de jeunes enfants puissent les atteindre.<\/p>\n<h1>La pr\u00e9sentation :<\/h1>\n<p>La planche de bord\u00a0et l\u2019habitacle sont tr\u00e8s soign\u00e9s. Selon les versions (Dynamic, Graphic ou Distinctive), l\u2019int\u00e9rieur est gris, noir et bleu ou noir et brun. L\u2019\u00e9cran tactile 8 pouces (20,3 centim\u00e8tres) est tr\u00e8s simple d\u2019utilisation. Le coffre est vraiment grand !<\/p>\n<h1>Le confort :<\/h1>\n<p>Lors des essais j&rsquo;ai pu appr\u00e9cier\u00a0le si\u00e8ge enveloppant. La souplesse des suspensions et la rigidit\u00e9 de la caisse assurent une tenue de route parfaite. A l\u2019arri\u00e8re, l\u2019espace est assez grand pour pouvoir transporter\u00a0trois personnes ce qui est une bonne chose si l&rsquo;on souhaite faire de long parcours.<\/p>\n<h1>Le moteur :<\/h1>\n<p>Tr\u00e8s agr\u00e9able, cet hybride de 122 chevaux se montre assez vif dans les reprises.\u00a0Avec son style sportif\u00a0il reste quand m\u00eame tr\u00e8s sobre. Pour finir, j&rsquo;ai relev\u00e9 un bon point niveau consommation :\u00a04,7 litres aux 100 kilom\u00e8tres en moyenne\u00a0malgr\u00e9 une conduite tonique.<\/p>\n<h1>Le son :<\/h1>\n<p>Le Pack Premium comprend un syst\u00e8me hi-fi de marque JBL avec huit haut-parleurs et une enceinte de basse. Le son est d\u2019une rare qualit\u00e9 dans cette cat\u00e9gorie, mais il n\u2019y a pas de lecteur de CD. Une fois le volume lev\u00e9, j&rsquo;ai eu\u00a0l&rsquo;impression d&rsquo;\u00eatre dans un concert tellement la musique \u00e9tait pure.<\/p>\n<p>&nbsp;<\/p>\n<p>Vous l&rsquo;aurez donc compris, j&rsquo;ai eu un v\u00e9ritable coup de c\u0153ur pour ce v\u00e9hicule. C&rsquo;\u00e9tait d\u00e9cid\u00e9 dans ma t\u00eate, \u00e0 mon retour en France j&rsquo;aurais\u00a0le Toyota C-HR comme v\u00e9hicule personnel.<\/p>\n<p>Cl\u00e9s en main, aujourd&rsquo;hui je roule avec ce crossover de couleur noir que j&rsquo;ai achet\u00e9 \u00e0 la concession TOYOTA Albi.<\/p>\n<p><a href=\"http:\/\/toyota-albi.maurelauto.fr\">http:\/\/toyota-albi.maurelauto.fr<\/a><\/p>\n<p>http:\/\/toyota-castres.maurelauto.fr\/<\/p>\n\t\r\n    <style>\r\n    #slgf_681 .b-link-stroke .b-top-line{\r\n        background: rgba(10, 194, 210, 0.5);\r\n    }\r\n    #slgf_681 .b-link-stroke .b-bottom-line{\r\n        background: rgba(10, 194, 210, 0.5);\r\n    }\r\n\r\n    #slgf_681 .b-wrapper{\r\n        font-family:Arial; \/\/ real name pass here\r\n    }\r\n\t@media (min-width: 992px){\r\n\t\t#slgf_681 .col-md-6 {\r\n\t\t\twidth: 49.97% !important;\r\n\t\t}\r\n\t\t#slgf_681 .col-md-4 {\r\n\t\t\twidth: 33.30% !important;\r\n\t\t}\r\n\t\t#slgf_681 .col-md-3 {\r\n\t\t\twidth: 24.90% !important;\r\n\t\t}\r\n\t\t#slgf_681 .col-md-2 {\r\n\t\t\twidth: 16.60% !important;\r\n\t\t}\r\n\t}\r\n\t#slgf_681 .slgf_home_portfolio_caption{\r\n\t\tbackground:#FFFFFF;\r\n\t}\r\n\t#slgf_681 .slgf_home_portfolio_caption h3{\r\n\t\tcolor:#000000;\r\n\t}\r\n\t\t#slgf_681 .slgf_home_portfolio_caption {\r\n\t\t\tborder-bottom: none !important;\r\n\t\t}\r\n\t\t\r\n\t    <\/style>\r\n\r\n    \r\n    <div  class=\"gal-container\" id=\"slgf_681\">\r\n\t\t\t\t\t<!--get the post id-->\r\n\t\t\t\r\n\t\t\t\t<!--Gallery Title-->\r\n\t\t\t\t\t\t\t\t\r\n\t\t\t\t<div class=\"gallery1\">\r\n\t\t\t\t\t\t\t\t\t\t\t<div class=\"col-md-6 col-sm-6 wl-gallery\" >\r\n\t\t\t\t\t\t\t<div class=\"img-box-shadow\">\r\n\t\t\t\t\t\t\t\t\r\n\t\t\t\t\t\t\t\t\t\t\t\t\t\t\t\t<a title=\"\" class=\"swipebox_681\"  href=\"http:\/\/clementlazuech.com\/wp-content\/uploads\/2017\/06\/Sans-titre-e1498146248834.png\">\r\n\t\t\t\t\t\t\t\t\t<div class=\"b-link-stroke b-animate-go\">\r\n\t\t\t\t\t\t\t\t\t\t<img src=\"http:\/\/clementlazuech.com\/wp-content\/uploads\/2017\/06\/Sans-titre-e1498146248834.png\" class=\"gall-img-responsive\" alt=\"\">\r\n\t\t\t\t\t\t\t\t\t<\/div>\r\n\t\t\t\t\t\t\t\t<\/a>\r\n\r\n\t\t\t\t\t\t\t\t<!--Gallery Label-->\r\n\t\t\t\t\t\t\t\t\t\t\t\t\t\t\t<\/div>\r\n\t\t\t\t\t\t<\/div>\r\n\t\t\t\t\t\t\t\t\t\t\t\t<div class=\"col-md-6 col-sm-6 wl-gallery\" >\r\n\t\t\t\t\t\t\t<div class=\"img-box-shadow\">\r\n\t\t\t\t\t\t\t\t\r\n\t\t\t\t\t\t\t\t\t\t\t\t\t\t\t\t<a title=\"\" class=\"swipebox_681\"  href=\"http:\/\/clementlazuech.com\/wp-content\/uploads\/2018\/01\/toyota-chr-albi-conduite.jpg\">\r\n\t\t\t\t\t\t\t\t\t<div class=\"b-link-stroke b-animate-go\">\r\n\t\t\t\t\t\t\t\t\t\t<img src=\"http:\/\/clementlazuech.com\/wp-content\/uploads\/2018\/01\/toyota-chr-albi-conduite-500x500.jpg\" class=\"gall-img-responsive\" alt=\"toyota chr albi voiture conduite\">\r\n\t\t\t\t\t\t\t\t\t<\/div>\r\n\t\t\t\t\t\t\t\t<\/a>\r\n\r\n\t\t\t\t\t\t\t\t<!--Gallery Label-->\r\n\t\t\t\t\t\t\t\t\t\t\t\t\t\t\t<\/div>\r\n\t\t\t\t\t\t<\/div>\r\n\t\t\t\t\t\t\t\t\t\t\t\t<div class=\"col-md-6 col-sm-6 wl-gallery\" >\r\n\t\t\t\t\t\t\t<div class=\"img-box-shadow\">\r\n\t\t\t\t\t\t\t\t\r\n\t\t\t\t\t\t\t\t\t\t\t\t\t\t\t\t<a title=\"\" class=\"swipebox_681\"  href=\"http:\/\/clementlazuech.com\/wp-content\/uploads\/2018\/01\/toyota-chr-albi-montagne.jpg\">\r\n\t\t\t\t\t\t\t\t\t<div class=\"b-link-stroke b-animate-go\">\r\n\t\t\t\t\t\t\t\t\t\t<img src=\"http:\/\/clementlazuech.com\/wp-content\/uploads\/2018\/01\/toyota-chr-albi-montagne-500x500.jpg\" class=\"gall-img-responsive\" alt=\"toyota chr albi montagne\">\r\n\t\t\t\t\t\t\t\t\t<\/div>\r\n\t\t\t\t\t\t\t\t<\/a>\r\n\r\n\t\t\t\t\t\t\t\t<!--Gallery Label-->\r\n\t\t\t\t\t\t\t\t\t\t\t\t\t\t\t<\/div>\r\n\t\t\t\t\t\t<\/div>\r\n\t\t\t\t\t\t\t\t\t\t\t\t<div class=\"col-md-6 col-sm-6 wl-gallery\" >\r\n\t\t\t\t\t\t\t<div class=\"img-box-shadow\">\r\n\t\t\t\t\t\t\t\t\r\n\t\t\t\t\t\t\t\t\t\t\t\t\t\t\t\t<a title=\"\" class=\"swipebox_681\"  href=\"http:\/\/clementlazuech.com\/wp-content\/uploads\/2017\/06\/IMG_8955.jpg\">\r\n\t\t\t\t\t\t\t\t\t<div class=\"b-link-stroke b-animate-go\">\r\n\t\t\t\t\t\t\t\t\t\t<img src=\"http:\/\/clementlazuech.com\/wp-content\/uploads\/2017\/06\/IMG_8955-500x500.jpg\" class=\"gall-img-responsive\" alt=\"toyota chr design ext\u00e9rieur essais cl\u00e9ment lazuech\">\r\n\t\t\t\t\t\t\t\t\t<\/div>\r\n\t\t\t\t\t\t\t\t<\/a>\r\n\r\n\t\t\t\t\t\t\t\t<!--Gallery Label-->\r\n\t\t\t\t\t\t\t\t\t\t\t\t\t\t\t<\/div>\r\n\t\t\t\t\t\t<\/div>\r\n\t\t\t\t\t\t\t\t\t\t\t\t<div class=\"col-md-6 col-sm-6 wl-gallery\" >\r\n\t\t\t\t\t\t\t<div class=\"img-box-shadow\">\r\n\t\t\t\t\t\t\t\t\r\n\t\t\t\t\t\t\t\t\t\t\t\t\t\t\t\t<a title=\"\" class=\"swipebox_681\"  href=\"http:\/\/clementlazuech.com\/wp-content\/uploads\/2017\/06\/IMG_8939.jpg\">\r\n\t\t\t\t\t\t\t\t\t<div class=\"b-link-stroke b-animate-go\">\r\n\t\t\t\t\t\t\t\t\t\t<img src=\"http:\/\/clementlazuech.com\/wp-content\/uploads\/2017\/06\/IMG_8939-500x500.jpg\" class=\"gall-img-responsive\" alt=\"toyota chr design int\u00e9rieur essais cl\u00e9ment lazuech\">\r\n\t\t\t\t\t\t\t\t\t<\/div>\r\n\t\t\t\t\t\t\t\t<\/a>\r\n\r\n\t\t\t\t\t\t\t\t<!--Gallery Label-->\r\n\t\t\t\t\t\t\t\t\t\t\t\t\t\t\t<\/div>\r\n\t\t\t\t\t\t<\/div>\r\n\t\t\t\t\t\t\t\t\t\t\t\t<div class=\"col-md-6 col-sm-6 wl-gallery\" >\r\n\t\t\t\t\t\t\t<div class=\"img-box-shadow\">\r\n\t\t\t\t\t\t\t\t\r\n\t\t\t\t\t\t\t\t\t\t\t\t\t\t\t\t<a title=\"\" class=\"swipebox_681\"  href=\"http:\/\/clementlazuech.com\/wp-content\/uploads\/2017\/06\/IMG_8903.jpg\">\r\n\t\t\t\t\t\t\t\t\t<div class=\"b-link-stroke b-animate-go\">\r\n\t\t\t\t\t\t\t\t\t\t<img src=\"http:\/\/clementlazuech.com\/wp-content\/uploads\/2017\/06\/IMG_8903-500x500.jpg\" class=\"gall-img-responsive\" alt=\"toyota chr design int\u00e9rieur essais cl\u00e9ment lazuech\">\r\n\t\t\t\t\t\t\t\t\t<\/div>\r\n\t\t\t\t\t\t\t\t<\/a>\r\n\r\n\t\t\t\t\t\t\t\t<!--Gallery Label-->\r\n\t\t\t\t\t\t\t\t\t\t\t\t\t\t\t<\/div>\r\n\t\t\t\t\t\t<\/div>\r\n\t\t\t\t\t\t\t\t\t\t\t\t<div class=\"col-md-6 col-sm-6 wl-gallery\" >\r\n\t\t\t\t\t\t\t<div class=\"img-box-shadow\">\r\n\t\t\t\t\t\t\t\t\r\n\t\t\t\t\t\t\t\t\t\t\t\t\t\t\t\t<a title=\"\" class=\"swipebox_681\"  href=\"http:\/\/clementlazuech.com\/wp-content\/uploads\/2018\/01\/toyota-chr-sportive-albi.jpg\">\r\n\t\t\t\t\t\t\t\t\t<div class=\"b-link-stroke b-animate-go\">\r\n\t\t\t\t\t\t\t\t\t\t<img src=\"http:\/\/clementlazuech.com\/wp-content\/uploads\/2018\/01\/toyota-chr-sportive-albi-500x500.jpg\" class=\"gall-img-responsive\" alt=\"toyota chr sportive albi\">\r\n\t\t\t\t\t\t\t\t\t<\/div>\r\n\t\t\t\t\t\t\t\t<\/a>\r\n\r\n\t\t\t\t\t\t\t\t<!--Gallery Label-->\r\n\t\t\t\t\t\t\t\t\t\t\t\t\t\t\t<\/div>\r\n\t\t\t\t\t\t<\/div>\r\n\t\t\t\t\t\t\t\t\t\t\t\t<div class=\"col-md-6 col-sm-6 wl-gallery\" >\r\n\t\t\t\t\t\t\t<div class=\"img-box-shadow\">\r\n\t\t\t\t\t\t\t\t\r\n\t\t\t\t\t\t\t\t\t\t\t\t\t\t\t\t<a title=\"\" class=\"swipebox_681\"  href=\"http:\/\/clementlazuech.com\/wp-content\/uploads\/2018\/01\/toyota-chr-albi-conduite-sur-glace.jpg\">\r\n\t\t\t\t\t\t\t\t\t<div class=\"b-link-stroke b-animate-go\">\r\n\t\t\t\t\t\t\t\t\t\t<img src=\"http:\/\/clementlazuech.com\/wp-content\/uploads\/2018\/01\/toyota-chr-albi-conduite-sur-glace-500x500.jpg\" class=\"gall-img-responsive\" alt=\"toyota chr albi voiture conduite sur glace\">\r\n\t\t\t\t\t\t\t\t\t<\/div>\r\n\t\t\t\t\t\t\t\t<\/a>\r\n\r\n\t\t\t\t\t\t\t\t<!--Gallery Label-->\r\n\t\t\t\t\t\t\t\t\t\t\t\t\t\t\t<\/div>\r\n\t\t\t\t\t\t<\/div>\r\n\t\t\t\t\t\t\t\t\t\t\t\t<div class=\"col-md-6 col-sm-6 wl-gallery\" >\r\n\t\t\t\t\t\t\t<div class=\"img-box-shadow\">\r\n\t\t\t\t\t\t\t\t\r\n\t\t\t\t\t\t\t\t\t\t\t\t\t\t\t\t<a title=\"\" class=\"swipebox_681\"  href=\"http:\/\/clementlazuech.com\/wp-content\/uploads\/2018\/01\/toyota-chr-albi-castres.jpg\">\r\n\t\t\t\t\t\t\t\t\t<div class=\"b-link-stroke b-animate-go\">\r\n\t\t\t\t\t\t\t\t\t\t<img src=\"http:\/\/clementlazuech.com\/wp-content\/uploads\/2018\/01\/toyota-chr-albi-castres-500x500.jpg\" class=\"gall-img-responsive\" alt=\"toyota chr albi castres\">\r\n\t\t\t\t\t\t\t\t\t<\/div>\r\n\t\t\t\t\t\t\t\t<\/a>\r\n\r\n\t\t\t\t\t\t\t\t<!--Gallery Label-->\r\n\t\t\t\t\t\t\t\t\t\t\t\t\t\t\t<\/div>\r\n\t\t\t\t\t\t<\/div>\r\n\t\t\t\t\t\t\t\t\t\t\t\t<div class=\"col-md-6 col-sm-6 wl-gallery\" >\r\n\t\t\t\t\t\t\t<div class=\"img-box-shadow\">\r\n\t\t\t\t\t\t\t\t\r\n\t\t\t\t\t\t\t\t\t\t\t\t\t\t\t\t<a title=\"\" class=\"swipebox_681\"  href=\"http:\/\/clementlazuech.com\/wp-content\/uploads\/2018\/01\/toyota-chr-albi-dynamique.jpg\">\r\n\t\t\t\t\t\t\t\t\t<div class=\"b-link-stroke b-animate-go\">\r\n\t\t\t\t\t\t\t\t\t\t<img src=\"http:\/\/clementlazuech.com\/wp-content\/uploads\/2018\/01\/toyota-chr-albi-dynamique-500x500.jpg\" class=\"gall-img-responsive\" alt=\"toyota chr albi voiture dynamique\">\r\n\t\t\t\t\t\t\t\t\t<\/div>\r\n\t\t\t\t\t\t\t\t<\/a>\r\n\r\n\t\t\t\t\t\t\t\t<!--Gallery Label-->\r\n\t\t\t\t\t\t\t\t\t\t\t\t\t\t\t<\/div>\r\n\t\t\t\t\t\t<\/div>\r\n\t\t\t\t\t\t\t\t\t\t\t\t<div class=\"col-md-6 col-sm-6 wl-gallery\" >\r\n\t\t\t\t\t\t\t<div class=\"img-box-shadow\">\r\n\t\t\t\t\t\t\t\t\r\n\t\t\t\t\t\t\t\t\t\t\t\t\t\t\t\t<a title=\"\" class=\"swipebox_681\"  href=\"http:\/\/clementlazuech.com\/wp-content\/uploads\/2018\/01\/toyota-chr-albi.jpg\">\r\n\t\t\t\t\t\t\t\t\t<div class=\"b-link-stroke b-animate-go\">\r\n\t\t\t\t\t\t\t\t\t\t<img src=\"http:\/\/clementlazuech.com\/wp-content\/uploads\/2018\/01\/toyota-chr-albi-500x500.jpg\" class=\"gall-img-responsive\" alt=\"toyota chr coffre albi\">\r\n\t\t\t\t\t\t\t\t\t<\/div>\r\n\t\t\t\t\t\t\t\t<\/a>\r\n\r\n\t\t\t\t\t\t\t\t<!--Gallery Label-->\r\n\t\t\t\t\t\t\t\t\t\t\t\t\t\t\t<\/div>\r\n\t\t\t\t\t\t<\/div>\r\n\t\t\t\t\t\t\t\t\t\t\t\t<div class=\"col-md-6 col-sm-6 wl-gallery\" >\r\n\t\t\t\t\t\t\t<div class=\"img-box-shadow\">\r\n\t\t\t\t\t\t\t\t\r\n\t\t\t\t\t\t\t\t\t\t\t\t\t\t\t\t<a title=\"\" class=\"swipebox_681\"  href=\"http:\/\/clementlazuech.com\/wp-content\/uploads\/2018\/01\/frescoryl-toyota-chr.jpg\">\r\n\t\t\t\t\t\t\t\t\t<div class=\"b-link-stroke b-animate-go\">\r\n\t\t\t\t\t\t\t\t\t\t<img src=\"http:\/\/clementlazuech.com\/wp-content\/uploads\/2018\/01\/frescoryl-toyota-chr-500x500.jpg\" class=\"gall-img-responsive\" alt=\"frescoryl toyota chr\">\r\n\t\t\t\t\t\t\t\t\t<\/div>\r\n\t\t\t\t\t\t\t\t<\/a>\r\n\r\n\t\t\t\t\t\t\t\t<!--Gallery Label-->\r\n\t\t\t\t\t\t\t\t\t\t\t\t\t\t\t<\/div>\r\n\t\t\t\t\t\t<\/div>\r\n\t\t\t\t\t\t\t\t\t\t\t\t<div class=\"col-md-6 col-sm-6 wl-gallery\" >\r\n\t\t\t\t\t\t\t<div class=\"img-box-shadow\">\r\n\t\t\t\t\t\t\t\t\r\n\t\t\t\t\t\t\t\t\t\t\t\t\t\t\t\t<a title=\"\" class=\"swipebox_681\"  href=\"http:\/\/clementlazuech.com\/wp-content\/uploads\/2018\/01\/toyota-chr-albi-castres-nice.jpg\">\r\n\t\t\t\t\t\t\t\t\t<div class=\"b-link-stroke b-animate-go\">\r\n\t\t\t\t\t\t\t\t\t\t<img src=\"http:\/\/clementlazuech.com\/wp-content\/uploads\/2018\/01\/toyota-chr-albi-castres-nice-500x500.jpg\" class=\"gall-img-responsive\" alt=\"toyota chr albi castres nice\">\r\n\t\t\t\t\t\t\t\t\t<\/div>\r\n\t\t\t\t\t\t\t\t<\/a>\r\n\r\n\t\t\t\t\t\t\t\t<!--Gallery Label-->\r\n\t\t\t\t\t\t\t\t\t\t\t\t\t\t\t<\/div>\r\n\t\t\t\t\t\t<\/div>\r\n\t\t\t\t\t\t\t\t\t\t\t\t<div class=\"col-md-6 col-sm-6 wl-gallery\" >\r\n\t\t\t\t\t\t\t<div class=\"img-box-shadow\">\r\n\t\t\t\t\t\t\t\t\r\n\t\t\t\t\t\t\t\t\t\t\t\t\t\t\t\t<a title=\"\" class=\"swipebox_681\"  href=\"http:\/\/clementlazuech.com\/wp-content\/uploads\/2018\/01\/toyota-chr-albi-castres-design.jpg\">\r\n\t\t\t\t\t\t\t\t\t<div class=\"b-link-stroke b-animate-go\">\r\n\t\t\t\t\t\t\t\t\t\t<img src=\"http:\/\/clementlazuech.com\/wp-content\/uploads\/2018\/01\/toyota-chr-albi-castres-design-500x500.jpg\" class=\"gall-img-responsive\" alt=\"toyota chr albi castres design\">\r\n\t\t\t\t\t\t\t\t\t<\/div>\r\n\t\t\t\t\t\t\t\t<\/a>\r\n\r\n\t\t\t\t\t\t\t\t<!--Gallery Label-->\r\n\t\t\t\t\t\t\t\t\t\t\t\t\t\t\t<\/div>\r\n\t\t\t\t\t\t<\/div>\r\n\t\t\t\t\t\t\t\t\t\t<\/div>\r\n\t\t    <\/div>\r\n\r\n\t<!-- Swipe Box-->\r\n\t<script type=\"text\/javascript\">\r\n\tjQuery(document).ready(function(){\r\n\t\t;( function( jQuery ) {\r\n\t\t\tjQuery( '.swipebox_681' ).swipebox({\r\n\t\t\t\t\t\t\thideBarsDelay:0,\r\n\t\t\t\t\t\t\thideBarsOnMobile: false,\r\n\t\t\t\t\t\t\thideCloseButtonOnMobile : false, \/\/ true will hide the close button on mobile devices\r\n\t\t\t\t\t\t\tloopAtEnd: true, \/\/ true will return to the first image after the last image is reached\r\n\t\t\t\t\t\t\t\r\n\t\t\t\t\t\t});\r\n\t\t})( jQuery );\r\n\t\r\n\r\n\tjQuery('.gallery1').imagesLoaded( function(){\r\n\t  jQuery('.gallery1').masonry({\r\n\t   itemSelector: '.wl-gallery',\r\n\t   isAnimated: true,\r\n\t   isFitWidth: true\r\n\t  });\r\n\t});\r\n\t});\r\n\t<\/script>\r\n\t\r\n        \n","protected":false},"excerpt":{"rendered":"<p>Jusqu\u2019\u00e0 pr\u00e9sent, c\u00f4t\u00e9 voitures hybrides, seules les luxueuses Lexus impressionnaient, notamment gr\u00e2ce \u00e0 leur esth\u00e9tique. Mais au dernier Mondial de l\u2019auto, Toyota a pr\u00e9sent\u00e9 son C-HR (coup\u00e9 high rider). Il y a quelques mois, j&rsquo;ai \u00e9t\u00e9 invit\u00e9\u00a0en Espagne\u00a0par la marque TOYOTA pour essayer ce nouveau crossover (dont le moteur thermique est celui de la Toyota [&hellip;]<\/p>\n","protected":false},"author":1,"featured_media":683,"parent":0,"menu_order":0,"comment_status":"closed","ping_status":"closed","template":"","meta":[],"_links":{"self":[{"href":"https:\/\/clementlazuech.com\/index.php\/wp-json\/wp\/v2\/pages\/673"}],"collection":[{"href":"https:\/\/clementlazuech.com\/index.php\/wp-json\/wp\/v2\/pages"}],"about":[{"href":"https:\/\/clementlazuech.com\/index.php\/wp-json\/wp\/v2\/types\/page"}],"author":[{"embeddable":true,"href":"https:\/\/clementlazuech.com\/index.php\/wp-json\/wp\/v2\/users\/1"}],"replies":[{"embeddable":true,"href":"https:\/\/clementlazuech.com\/index.php\/wp-json\/wp\/v2\/comments?post=673"}],"version-history":[{"count":6,"href":"https:\/\/clementlazuech.com\/index.php\/wp-json\/wp\/v2\/pages\/673\/revisions"}],"predecessor-version":[{"id":688,"href":"https:\/\/clementlazuech.com\/index.php\/wp-json\/wp\/v2\/pages\/673\/revisions\/688"}],"wp:featuredmedia":[{"embeddable":true,"href":"https:\/\/clementlazuech.com\/index.php\/wp-json\/wp\/v2\/media\/683"}],"wp:attachment":[{"href":"https:\/\/clementlazuech.com\/index.php\/wp-json\/wp\/v2\/media?parent=673"}],"curies":[{"name":"wp","href":"https:\/\/api.w.org\/{rel}","templated":true}]}}