{"id":142,"date":"2017-04-01T12:45:04","date_gmt":"2017-04-01T10:45:04","guid":{"rendered":"http:\/\/clementlazuech.com\/?page_id=142"},"modified":"2017-07-03T07:54:32","modified_gmt":"2017-07-03T05:54:32","slug":"gastronomie","status":"publish","type":"page","link":"https:\/\/clementlazuech.com\/index.php\/voyage\/toulouse\/gastronomie\/","title":{"rendered":"Les Incontournables"},"content":{"rendered":"<p>J&rsquo;aime fl\u00e2ner dans les rues des villes que je visite et y d\u00e9nicher des endroits agr\u00e9ables pouvant satisfaire mes envies du moment.<br \/>\nGourmand et bon vivant, je fais toujours en sorte de partager mes d\u00e9couvertes (restaurants, h\u00f4tels,\u00a0activit\u00e9s, loisirs, produits locaux&#8230;).<br \/>\nAlors voici quelques adresses sympathiques\u00a0qui ne m&rsquo;ont pas laiss\u00e9 indiff\u00e9rent. Peut-\u00eatre ferais-je\u00a0na\u00eetre en vous l&rsquo;envie de vous y rendre et de les essayer.<\/p>\n<p>&nbsp;<\/p>\n<figure id=\"attachment_555\" aria-describedby=\"caption-attachment-555\" style=\"width: 300px\" class=\"wp-caption aligncenter\"><a href=\"http:\/\/clementlazuech.com\/index.php\/category\/toulouse\/\"><img loading=\"lazy\" class=\"wp-image-555 size-medium\" src=\"http:\/\/clementlazuech.com\/wp-content\/uploads\/2017\/06\/Place2520du2520Capitole252025C225A92520Dominique2520LUZY2520-2520Fotolia.com_-300x135.jpg\" alt=\"\" width=\"300\" height=\"135\" srcset=\"https:\/\/clementlazuech.com\/wp-content\/uploads\/2017\/06\/Place2520du2520Capitole252025C225A92520Dominique2520LUZY2520-2520Fotolia.com_-300x135.jpg 300w, https:\/\/clementlazuech.com\/wp-content\/uploads\/2017\/06\/Place2520du2520Capitole252025C225A92520Dominique2520LUZY2520-2520Fotolia.com_-768x345.jpg 768w, https:\/\/clementlazuech.com\/wp-content\/uploads\/2017\/06\/Place2520du2520Capitole252025C225A92520Dominique2520LUZY2520-2520Fotolia.com_.jpg 800w\" sizes=\"(max-width: 300px) 100vw, 300px\" \/><\/a><figcaption id=\"caption-attachment-555\" class=\"wp-caption-text\">Toulouse<\/figcaption><\/figure>\n","protected":false},"excerpt":{"rendered":"<p>J&rsquo;aime fl\u00e2ner dans les rues des villes que je visite et y d\u00e9nicher des endroits agr\u00e9ables pouvant satisfaire mes envies du moment. Gourmand et bon vivant, je fais toujours en sorte de partager mes d\u00e9couvertes (restaurants, h\u00f4tels,\u00a0activit\u00e9s, loisirs, produits locaux&#8230;). Alors voici quelques adresses sympathiques\u00a0qui ne m&rsquo;ont pas laiss\u00e9 indiff\u00e9rent. Peut-\u00eatre ferais-je\u00a0na\u00eetre en vous l&rsquo;envie [&hellip;]<\/p>\n","protected":false},"author":1,"featured_media":559,"parent":174,"menu_order":0,"comment_status":"closed","ping_status":"closed","template":"","meta":[],"_links":{"self":[{"href":"https:\/\/clementlazuech.com\/index.php\/wp-json\/wp\/v2\/pages\/142"}],"collection":[{"href":"https:\/\/clementlazuech.com\/index.php\/wp-json\/wp\/v2\/pages"}],"about":[{"href":"https:\/\/clementlazuech.com\/index.php\/wp-json\/wp\/v2\/types\/page"}],"author":[{"embeddable":true,"href":"https:\/\/clementlazuech.com\/index.php\/wp-json\/wp\/v2\/users\/1"}],"replies":[{"embeddable":true,"href":"https:\/\/clementlazuech.com\/index.php\/wp-json\/wp\/v2\/comments?post=142"}],"version-history":[{"count":11,"href":"https:\/\/clementlazuech.com\/index.php\/wp-json\/wp\/v2\/pages\/142\/revisions"}],"predecessor-version":[{"id":684,"href":"https:\/\/clementlazuech.com\/index.php\/wp-json\/wp\/v2\/pages\/142\/revisions\/684"}],"up":[{"embeddable":true,"href":"https:\/\/clementlazuech.com\/index.php\/wp-json\/wp\/v2\/pages\/174"}],"wp:featuredmedia":[{"embeddable":true,"href":"https:\/\/clementlazuech.com\/index.php\/wp-json\/wp\/v2\/media\/559"}],"wp:attachment":[{"href":"https:\/\/clementlazuech.com\/index.php\/wp-json\/wp\/v2\/media?parent=142"}],"curies":[{"name":"wp","href":"https:\/\/api.w.org\/{rel}","templated":true}]}}